{"id":932,"date":"2020-12-18T00:31:59","date_gmt":"2020-12-17T22:31:59","guid":{"rendered":"http:\/\/probranding.ro\/work-2"},"modified":"2025-09-04T16:10:58","modified_gmt":"2025-09-04T13:10:58","slug":"home","status":"publish","type":"page","link":"https:\/\/probranding.ro\/blog\/home","title":{"rendered":"atelier de branding &#038; design de identitate"},"content":{"rendered":"","protected":false},"excerpt":{"rendered":"","protected":false},"author":1,"featured_media":0,"parent":0,"menu_order":0,"comment_status":"closed","ping_status":"closed","template":"","meta":{"footnotes":""},"class_list":["post-932","page","type-page","status-publish","hentry"],"yoast_head":"<!-- This site is optimized with the Yoast SEO Premium plugin v15.7 - https:\/\/yoast.com\/wordpress\/plugins\/seo\/ -->\n<title>ProBranding.ro - atelier de brand design<\/title>\n<meta name=\"description\" content=\"Cu experien\u021b\u0103 de 11 ani \u00een domeniu, ajut\u0103m afaceri s\u0103 comunice eficient prin design, strategie, marketing \u0219i servicii digitale.\" \/>\n<meta name=\"robots\" content=\"index, follow, max-snippet:-1, max-image-preview:large, max-video-preview:-1\" \/>\n<link rel=\"canonical\" href=\"https:\/\/probranding.ro\/blog\/home\" \/>\n<meta property=\"og:locale\" content=\"en_US\" \/>\n<meta property=\"og:type\" content=\"article\" \/>\n<meta property=\"og:title\" content=\"ProBranding.ro - atelier de brand design\" \/>\n<meta property=\"og:description\" content=\"Cu experien\u021b\u0103 de 11 ani \u00een domeniu, ajut\u0103m afaceri s\u0103 comunice eficient prin design, strategie, marketing \u0219i servicii digitale.\" \/>\n<meta property=\"og:url\" content=\"https:\/\/probranding.ro\/blog\/home\" \/>\n<meta property=\"og:site_name\" content=\"Pro Branding Romania\" \/>\n<meta property=\"article:publisher\" content=\"https:\/\/facebook.com\/probranding.ro\" \/>\n<meta property=\"article:modified_time\" content=\"2025-09-04T13:10:58+00:00\" \/>\n<meta property=\"og:image\" content=\"https:\/\/probranding.ro\/wp-content\/uploads\/thumb-2025.jpg\" \/>\n<meta name=\"twitter:card\" content=\"summary\" \/>\n<meta name=\"twitter:title\" content=\"ProBranding.ro - atelier de brand design\" \/>\n<meta name=\"twitter:description\" content=\"Cu experien\u021b\u0103 de 11 ani \u00een domeniu, ajut\u0103m afaceri s\u0103 comunice eficient prin design, strategie, marketing \u0219i servicii digitale.\" \/>\n<meta name=\"twitter:image\" content=\"https:\/\/probranding.ro\/wp-content\/uploads\/thumb-2025.jpg\" \/>\n<script type=\"application\/ld+json\" class=\"yoast-schema-graph\">{\"@context\":\"https:\/\/schema.org\",\"@graph\":[{\"@type\":\"Organization\",\"@id\":\"https:\/\/probranding.ro\/blog\/#organization\",\"name\":\"Pro Branding Romania\",\"url\":\"https:\/\/probranding.ro\/blog\/\",\"sameAs\":[\"https:\/\/facebook.com\/probranding.ro\",\"https:\/\/linkedin.com\/company\/probranding-ro\"],\"logo\":{\"@type\":\"ImageObject\",\"@id\":\"https:\/\/probranding.ro\/blog\/#logo\",\"inLanguage\":\"en-US\",\"url\":\"https:\/\/probranding.ro\/blog\/wp-content\/uploads\/2020\/12\/mateiradulescu-logo-02.svg\",\"caption\":\"Pro Branding Romania\"},\"image\":{\"@id\":\"https:\/\/probranding.ro\/blog\/#logo\"}},{\"@type\":\"WebSite\",\"@id\":\"https:\/\/probranding.ro\/blog\/#website\",\"url\":\"https:\/\/probranding.ro\/blog\/\",\"name\":\"Pro Branding Romania\",\"description\":\"blog rom\\u00e2nesc de branding, marketing \\u0219i web design\",\"publisher\":{\"@id\":\"https:\/\/probranding.ro\/blog\/#organization\"},\"potentialAction\":[{\"@type\":\"SearchAction\",\"target\":\"https:\/\/probranding.ro\/blog\/?s={search_term_string}\",\"query-input\":\"required name=search_term_string\"}],\"inLanguage\":\"en-US\"},{\"@type\":\"WebPage\",\"@id\":\"https:\/\/probranding.ro\/blog\/home#webpage\",\"url\":\"https:\/\/probranding.ro\/blog\/home\",\"name\":\"ProBranding.ro - atelier de brand design\",\"isPartOf\":{\"@id\":\"https:\/\/probranding.ro\/blog\/#website\"},\"datePublished\":\"2020-12-17T22:31:59+00:00\",\"dateModified\":\"2025-09-04T13:10:58+00:00\",\"description\":\"Cu experien\\u021b\\u0103 de 11 ani \\u00een domeniu, ajut\\u0103m afaceri s\\u0103 comunice eficient prin design, strategie, marketing \\u0219i servicii digitale.\",\"inLanguage\":\"en-US\",\"potentialAction\":[{\"@type\":\"ReadAction\",\"target\":[\"https:\/\/probranding.ro\/blog\/home\"]}]}]}<\/script>\n<!-- \/ Yoast SEO Premium plugin. -->","_links":{"self":[{"href":"https:\/\/probranding.ro\/blog\/wp-json\/wp\/v2\/pages\/932","targetHints":{"allow":["GET"]}}],"collection":[{"href":"https:\/\/probranding.ro\/blog\/wp-json\/wp\/v2\/pages"}],"about":[{"href":"https:\/\/probranding.ro\/blog\/wp-json\/wp\/v2\/types\/page"}],"author":[{"embeddable":true,"href":"https:\/\/probranding.ro\/blog\/wp-json\/wp\/v2\/users\/1"}],"replies":[{"embeddable":true,"href":"https:\/\/probranding.ro\/blog\/wp-json\/wp\/v2\/comments?post=932"}],"version-history":[{"count":1,"href":"https:\/\/probranding.ro\/blog\/wp-json\/wp\/v2\/pages\/932\/revisions"}],"predecessor-version":[{"id":1769,"href":"https:\/\/probranding.ro\/blog\/wp-json\/wp\/v2\/pages\/932\/revisions\/1769"}],"wp:attachment":[{"href":"https:\/\/probranding.ro\/blog\/wp-json\/wp\/v2\/media?parent=932"}],"curies":[{"name":"wp","href":"https:\/\/api.w.org\/{rel}","templated":true}]}}