{"id":1742,"date":"2023-02-10T16:37:48","date_gmt":"2023-02-10T14:37:48","guid":{"rendered":"https:\/\/probranding.ro\/?page_id=1742"},"modified":"2026-02-22T19:48:24","modified_gmt":"2026-02-22T17:48:24","slug":"cere-oferta-logo-design-sigle","status":"publish","type":"page","link":"https:\/\/probranding.ro\/blog\/cere-oferta-logo-design-sigle","title":{"rendered":"Cere ofert\u0103 logo design \u0219i sigle"},"content":{"rendered":"","protected":false},"excerpt":{"rendered":"","protected":false},"author":1,"featured_media":0,"parent":0,"menu_order":0,"comment_status":"closed","ping_status":"closed","template":"","meta":{"footnotes":""},"class_list":["post-1742","page","type-page","status-publish","hentry"],"yoast_head":"<!-- This site is optimized with the Yoast SEO Premium plugin v15.7 - https:\/\/yoast.com\/wordpress\/plugins\/seo\/ -->\n<title>Ofert\u0103 de logo design \u00een 24h - ProBranding \u00b7 agen\u021bie de branding \u0219i design de identitate<\/title>\n<meta name=\"description\" content=\"Prime\u0219te o ofert\u0103 pentru logo design \/ sigl\u0103 \u00een 24 ore! F\u0103 primul pas \u00een dezvoltarea afacerii tale cu un logo profesionist \u0219i durabil, care te va ajuta s\u0103 te remarci \u00een domeniul t\u0103u.\" \/>\n<meta name=\"robots\" content=\"index, follow, max-snippet:-1, max-image-preview:large, max-video-preview:-1\" \/>\n<link rel=\"canonical\" href=\"https:\/\/probranding.ro\/blog\/cere-oferta-logo-design-sigle\" \/>\n<meta property=\"og:locale\" content=\"en_US\" \/>\n<meta property=\"og:type\" content=\"article\" \/>\n<meta property=\"og:title\" content=\"Ofert\u0103 de logo design \u00een 24h - ProBranding \u00b7 agen\u021bie de branding \u0219i design de identitate\" \/>\n<meta property=\"og:description\" content=\"Prime\u0219te o ofert\u0103 pentru logo design \/ sigl\u0103 \u00een 24 ore! F\u0103 primul pas \u00een dezvoltarea afacerii tale cu un logo profesionist \u0219i durabil, care te va ajuta s\u0103 te remarci \u00een domeniul t\u0103u.\" \/>\n<meta property=\"og:url\" content=\"https:\/\/probranding.ro\/blog\/cere-oferta-logo-design-sigle\" \/>\n<meta property=\"og:site_name\" content=\"Pro Branding Romania\" \/>\n<meta property=\"article:publisher\" content=\"https:\/\/facebook.com\/probranding.ro\" \/>\n<meta property=\"article:modified_time\" content=\"2026-02-22T17:48:24+00:00\" \/>\n<meta property=\"og:image\" content=\"https:\/\/probranding.ro\/wp-content\/uploads\/2020\/12\/working-sketches-1.jpg\" \/>\n<meta name=\"twitter:card\" content=\"summary\" \/>\n<meta name=\"twitter:title\" content=\"Ofert\u0103 de logo design \u00een 24h - ProBranding\" \/>\n<meta name=\"twitter:description\" content=\"Prime\u0219te o ofert\u0103 pentru logo design \/ sigl\u0103 \u00een 24 ore! F\u0103 primul pas \u00een dezvoltarea afacerii tale cu un logo profesionist \u0219i durabil, care te va ajuta s\u0103 te remarci \u00een domeniul t\u0103u.\" \/>\n<meta name=\"twitter:image\" content=\"https:\/\/probranding.ro\/wp-content\/uploads\/image-1.png\" \/>\n<script type=\"application\/ld+json\" class=\"yoast-schema-graph\">{\"@context\":\"https:\/\/schema.org\",\"@graph\":[{\"@type\":\"Organization\",\"@id\":\"https:\/\/probranding.ro\/blog\/#organization\",\"name\":\"Pro Branding Romania\",\"url\":\"https:\/\/probranding.ro\/blog\/\",\"sameAs\":[\"https:\/\/facebook.com\/probranding.ro\",\"https:\/\/linkedin.com\/company\/probranding-ro\"],\"logo\":{\"@type\":\"ImageObject\",\"@id\":\"https:\/\/probranding.ro\/blog\/#logo\",\"inLanguage\":\"en-US\",\"url\":\"https:\/\/probranding.ro\/blog\/wp-content\/uploads\/2020\/12\/mateiradulescu-logo-02.svg\",\"caption\":\"Pro Branding Romania\"},\"image\":{\"@id\":\"https:\/\/probranding.ro\/blog\/#logo\"}},{\"@type\":\"WebSite\",\"@id\":\"https:\/\/probranding.ro\/blog\/#website\",\"url\":\"https:\/\/probranding.ro\/blog\/\",\"name\":\"Pro Branding Romania\",\"description\":\"blog rom\\u00e2nesc de branding, marketing \\u0219i web design\",\"publisher\":{\"@id\":\"https:\/\/probranding.ro\/blog\/#organization\"},\"potentialAction\":[{\"@type\":\"SearchAction\",\"target\":\"https:\/\/probranding.ro\/blog\/?s={search_term_string}\",\"query-input\":\"required name=search_term_string\"}],\"inLanguage\":\"en-US\"},{\"@type\":\"WebPage\",\"@id\":\"https:\/\/probranding.ro\/blog\/cere-oferta-logo-design-sigle#webpage\",\"url\":\"https:\/\/probranding.ro\/blog\/cere-oferta-logo-design-sigle\",\"name\":\"Ofert\\u0103 de logo design \\u00een 24h - ProBranding \\u00b7 agen\\u021bie de branding \\u0219i design de identitate\",\"isPartOf\":{\"@id\":\"https:\/\/probranding.ro\/blog\/#website\"},\"datePublished\":\"2023-02-10T14:37:48+00:00\",\"dateModified\":\"2026-02-22T17:48:24+00:00\",\"description\":\"Prime\\u0219te o ofert\\u0103 pentru logo design \/ sigl\\u0103 \\u00een 24 ore! F\\u0103 primul pas \\u00een dezvoltarea afacerii tale cu un logo profesionist \\u0219i durabil, care te va ajuta s\\u0103 te remarci \\u00een domeniul t\\u0103u.\",\"inLanguage\":\"en-US\",\"potentialAction\":[{\"@type\":\"ReadAction\",\"target\":[\"https:\/\/probranding.ro\/blog\/cere-oferta-logo-design-sigle\"]}]}]}<\/script>\n<!-- \/ Yoast SEO Premium plugin. -->","_links":{"self":[{"href":"https:\/\/probranding.ro\/blog\/wp-json\/wp\/v2\/pages\/1742","targetHints":{"allow":["GET"]}}],"collection":[{"href":"https:\/\/probranding.ro\/blog\/wp-json\/wp\/v2\/pages"}],"about":[{"href":"https:\/\/probranding.ro\/blog\/wp-json\/wp\/v2\/types\/page"}],"author":[{"embeddable":true,"href":"https:\/\/probranding.ro\/blog\/wp-json\/wp\/v2\/users\/1"}],"replies":[{"embeddable":true,"href":"https:\/\/probranding.ro\/blog\/wp-json\/wp\/v2\/comments?post=1742"}],"version-history":[{"count":1,"href":"https:\/\/probranding.ro\/blog\/wp-json\/wp\/v2\/pages\/1742\/revisions"}],"predecessor-version":[{"id":1752,"href":"https:\/\/probranding.ro\/blog\/wp-json\/wp\/v2\/pages\/1742\/revisions\/1752"}],"wp:attachment":[{"href":"https:\/\/probranding.ro\/blog\/wp-json\/wp\/v2\/media?parent=1742"}],"curies":[{"name":"wp","href":"https:\/\/api.w.org\/{rel}","templated":true}]}}