{"id":1684,"date":"2022-12-27T19:06:05","date_gmt":"2022-12-27T17:06:05","guid":{"rendered":"https:\/\/probranding.ro\/?page_id=1684"},"modified":"2026-01-09T22:47:52","modified_gmt":"2026-01-09T20:47:52","slug":"blog","status":"publish","type":"page","link":"https:\/\/probranding.ro\/blog\/","title":{"rendered":"Blog"},"content":{"rendered":"","protected":false},"excerpt":{"rendered":"","protected":false},"author":1,"featured_media":0,"parent":0,"menu_order":0,"comment_status":"closed","ping_status":"closed","template":"","meta":{"footnotes":""},"class_list":["post-1684","page","type-page","status-publish","hentry"],"yoast_head":"<!-- This site is optimized with the Yoast SEO Premium plugin v15.7 - https:\/\/yoast.com\/wordpress\/plugins\/seo\/ -->\n<title>Blog despre branding, design \u0219i identitate de brand<\/title>\n<meta name=\"description\" content=\"Blogul ProBranding a \u00eenceput dintr-un efort de a educa pe al\u021bii despre subiecte precum branding, design, strategie, comunicare, marketing sau growth hacking. \u00cencerc\u0103m s\u0103 aducem un aport pozitiv mediului de afaceri prin \u00eemp\u0103rt\u0103\u0219irea cuno\u0219tin\u021belor acumulate de-a lungul anilor petrecu\u021bi prin facult\u0103\u021bi, cursuri \u0219i birouri. Hai s\u0103 ne cite\u0219ti!\" \/>\n<meta name=\"robots\" content=\"index, follow, max-snippet:-1, max-image-preview:large, max-video-preview:-1\" \/>\n<link rel=\"canonical\" href=\"https:\/\/probranding.ro\/blog\/\" \/>\n<meta property=\"og:locale\" content=\"en_US\" \/>\n<meta property=\"og:type\" content=\"article\" \/>\n<meta property=\"og:title\" content=\"Blog - articole despre branding, design \u0219i alte subiecte din sfera marketing-ului\" \/>\n<meta property=\"og:description\" content=\"Blogul ProBranding a \u00eenceput dintr-un efort de a educa pe al\u021bii despre subiecte precum branding, design, strategie, comunicare, marketing sau growth hacking. \u00cencerc\u0103m s\u0103 aducem un aport pozitiv mediului de afaceri prin \u00eemp\u0103rt\u0103\u0219irea cuno\u0219tin\u021belor acumulate de-a lungul anilor petrecu\u021bi prin facult\u0103\u021bi, cursuri \u0219i birouri. Hai s\u0103 ne cite\u0219ti!\" \/>\n<meta property=\"og:url\" content=\"https:\/\/probranding.ro\/blog\/\" \/>\n<meta property=\"og:site_name\" content=\"Pro Branding Romania\" \/>\n<meta property=\"article:publisher\" content=\"https:\/\/facebook.com\/probranding.ro\" \/>\n<meta property=\"article:modified_time\" content=\"2026-01-09T20:47:52+00:00\" \/>\n<meta property=\"og:image\" content=\"https:\/\/probranding.ro\/wp-content\/uploads\/BLOG-PROBRANDING.jpg\" \/>\n<meta name=\"twitter:card\" content=\"summary\" \/>\n<meta name=\"twitter:title\" content=\"Blog - articole despre branding, design \u0219i alte subiecte din sfera marketing-ului\" \/>\n<meta name=\"twitter:description\" content=\"Blogul ProBranding a \u00eenceput dintr-un efort de a educa pe al\u021bii despre subiecte precum branding, design, strategie, comunicare, marketing sau growth hacking. \u00cencerc\u0103m s\u0103 aducem un aport pozitiv mediului de afaceri prin \u00eemp\u0103rt\u0103\u0219irea cuno\u0219tin\u021belor acumulate de-a lungul anilor petrecu\u021bi prin facult\u0103\u021bi, cursuri \u0219i birouri. Hai s\u0103 ne cite\u0219ti!\" \/>\n<meta name=\"twitter:image\" content=\"https:\/\/probranding.ro\/wp-content\/uploads\/BLOG-PROBRANDING.jpg\" \/>\n<script type=\"application\/ld+json\" class=\"yoast-schema-graph\">{\"@context\":\"https:\/\/schema.org\",\"@graph\":[{\"@type\":\"Organization\",\"@id\":\"https:\/\/probranding.ro\/blog\/#organization\",\"name\":\"Pro Branding Romania\",\"url\":\"https:\/\/probranding.ro\/blog\/\",\"sameAs\":[\"https:\/\/facebook.com\/probranding.ro\",\"https:\/\/linkedin.com\/company\/probranding-ro\"],\"logo\":{\"@type\":\"ImageObject\",\"@id\":\"https:\/\/probranding.ro\/blog\/#logo\",\"inLanguage\":\"en-US\",\"url\":\"https:\/\/probranding.ro\/blog\/wp-content\/uploads\/2020\/12\/mateiradulescu-logo-02.svg\",\"caption\":\"Pro Branding Romania\"},\"image\":{\"@id\":\"https:\/\/probranding.ro\/blog\/#logo\"}},{\"@type\":\"WebSite\",\"@id\":\"https:\/\/probranding.ro\/blog\/#website\",\"url\":\"https:\/\/probranding.ro\/blog\/\",\"name\":\"Pro Branding Romania\",\"description\":\"blog rom\\u00e2nesc de branding, marketing \\u0219i web design\",\"publisher\":{\"@id\":\"https:\/\/probranding.ro\/blog\/#organization\"},\"potentialAction\":[{\"@type\":\"SearchAction\",\"target\":\"https:\/\/probranding.ro\/blog\/?s={search_term_string}\",\"query-input\":\"required name=search_term_string\"}],\"inLanguage\":\"en-US\"},{\"@type\":\"WebPage\",\"@id\":\"https:\/\/probranding.ro\/blog\/#webpage\",\"url\":\"https:\/\/probranding.ro\/blog\/\",\"name\":\"Blog despre branding, design \\u0219i identitate de brand\",\"isPartOf\":{\"@id\":\"https:\/\/probranding.ro\/blog\/#website\"},\"datePublished\":\"2022-12-27T17:06:05+00:00\",\"dateModified\":\"2026-01-09T20:47:52+00:00\",\"description\":\"Blogul ProBranding a \\u00eenceput dintr-un efort de a educa pe al\\u021bii despre subiecte precum branding, design, strategie, comunicare, marketing sau growth hacking. \\u00cencerc\\u0103m s\\u0103 aducem un aport pozitiv mediului de afaceri prin \\u00eemp\\u0103rt\\u0103\\u0219irea cuno\\u0219tin\\u021belor acumulate de-a lungul anilor petrecu\\u021bi prin facult\\u0103\\u021bi, cursuri \\u0219i birouri. Hai s\\u0103 ne cite\\u0219ti!\",\"inLanguage\":\"en-US\",\"potentialAction\":[{\"@type\":\"ReadAction\",\"target\":[\"https:\/\/probranding.ro\/blog\/\"]}]}]}<\/script>\n<!-- \/ Yoast SEO Premium plugin. -->","_links":{"self":[{"href":"https:\/\/probranding.ro\/blog\/wp-json\/wp\/v2\/pages\/1684","targetHints":{"allow":["GET"]}}],"collection":[{"href":"https:\/\/probranding.ro\/blog\/wp-json\/wp\/v2\/pages"}],"about":[{"href":"https:\/\/probranding.ro\/blog\/wp-json\/wp\/v2\/types\/page"}],"author":[{"embeddable":true,"href":"https:\/\/probranding.ro\/blog\/wp-json\/wp\/v2\/users\/1"}],"replies":[{"embeddable":true,"href":"https:\/\/probranding.ro\/blog\/wp-json\/wp\/v2\/comments?post=1684"}],"version-history":[{"count":1,"href":"https:\/\/probranding.ro\/blog\/wp-json\/wp\/v2\/pages\/1684\/revisions"}],"predecessor-version":[{"id":2061,"href":"https:\/\/probranding.ro\/blog\/wp-json\/wp\/v2\/pages\/1684\/revisions\/2061"}],"wp:attachment":[{"href":"https:\/\/probranding.ro\/blog\/wp-json\/wp\/v2\/media?parent=1684"}],"curies":[{"name":"wp","href":"https:\/\/api.w.org\/{rel}","templated":true}]}}